{"id":29267,"date":"2024-06-14T18:15:28","date_gmt":"2024-06-14T16:15:28","guid":{"rendered":"https:\/\/lepontdegeneve.ch\/?page_id=29267"},"modified":"2024-06-14T18:15:29","modified_gmt":"2024-06-14T16:15:29","slug":"qui-sommes-nous","status":"publish","type":"page","link":"https:\/\/lepontdegeneve.ch\/?page_id=29267","title":{"rendered":"Qui sommes-nous ?"},"content":{"rendered":"\n<p><\/p>\n\n\n\n<p>Une plate-forme en ligne a but de promouvoir les \u00e9changes culturels entre la Suisse et la Tunisie , renforcer la d\u00e9mocratie en Tunisie, et donne une information fiable s\u00fbre et cr\u00e9dible avec une collecte des infos qui concerne les deux cultures.<br>Le pont de Gen\u00e8ve est diriger, encadrer et financer par l&rsquo;association le pont Gen\u00e8ve.<\/p>\n\n\n\n<p>L\u2019association \u00ab Le Pont Gen\u00e8ve \u00bb a vu le jour en Janvier 2015, fond\u00e9e par un groupe de militants Suisses et Tunisiens vivant \u00e0 Gen\u00e8ve dont le but est de promouvoir des \u00e9changes culturels entre la Suisse et la Tunisie afin de renforcer la culture de la d\u00e9mocratie et de la citoyennet\u00e9.<\/p>\n\n\n\n<p>Notre but est de promouvoir des \u00e9changes culturels entre la Suisse et la Tunisie afin de renforcer la culture de la d\u00e9mocratie et de la citoyennet\u00e9.<br>Organisation \u00e0 but non lucratif<br>rue de Fribourg 3, Geneva, Switzerland<\/p>\n\n\n\n<p><strong>Equipe:<br><\/strong>Directeur de la r\u00e9daction: Jalel MATRI<br>R\u00e9dacteur en chef: Mongi KHADRAOUI<\/p>\n","protected":false},"excerpt":{"rendered":"<p>Une plate-forme en ligne a but de promouvoir les \u00e9changes culturels entre la Suisse et la Tunisie , renforcer la d\u00e9mocratie en Tunisie, et donne une information fiable s\u00fbre et cr\u00e9dible avec une collecte des infos qui concerne les deux cultures.Le pont de Gen\u00e8ve est diriger, encadrer et financer par l&rsquo;association le pont Gen\u00e8ve. L\u2019association [&hellip;]<\/p>\n","protected":false},"author":1,"featured_media":0,"parent":0,"menu_order":0,"comment_status":"closed","ping_status":"closed","template":"","meta":{"om_disable_all_campaigns":false,"footnotes":""},"class_list":["post-29267","page","type-page","status-publish","hentry"],"yoast_head":"<!-- This site is optimized with the Yoast SEO plugin v27.6 - https:\/\/yoast.com\/product\/yoast-seo-wordpress\/ -->\n<title>Qui sommes-nous ? - Le pont de Gen\u00e8ve<\/title>\n<meta name=\"robots\" content=\"index, follow, max-snippet:-1, max-image-preview:large, max-video-preview:-1\" \/>\n<link rel=\"canonical\" href=\"https:\/\/lepontdegeneve.ch\/?page_id=29267\" \/>\n<meta property=\"og:locale\" content=\"fr_FR\" \/>\n<meta property=\"og:type\" content=\"article\" \/>\n<meta property=\"og:title\" content=\"Qui sommes-nous ? - Le pont de Gen\u00e8ve\" \/>\n<meta property=\"og:description\" content=\"Une plate-forme en ligne a but de promouvoir les \u00e9changes culturels entre la Suisse et la Tunisie , renforcer la d\u00e9mocratie en Tunisie, et donne une information fiable s\u00fbre et cr\u00e9dible avec une collecte des infos qui concerne les deux cultures.Le pont de Gen\u00e8ve est diriger, encadrer et financer par l&rsquo;association le pont Gen\u00e8ve. L\u2019association [&hellip;]\" \/>\n<meta property=\"og:url\" content=\"https:\/\/lepontdegeneve.ch\/?page_id=29267\" \/>\n<meta property=\"og:site_name\" content=\"Le pont de Gen\u00e8ve\" \/>\n<meta property=\"article:modified_time\" content=\"2024-06-14T16:15:29+00:00\" \/>\n<meta name=\"twitter:card\" content=\"summary_large_image\" \/>\n<meta name=\"twitter:label1\" content=\"Dur\u00e9e de lecture estim\u00e9e\" \/>\n\t<meta name=\"twitter:data1\" content=\"1 minute\" \/>\n<script type=\"application\/ld+json\" class=\"yoast-schema-graph\">{\"@context\":\"https:\\\/\\\/schema.org\",\"@graph\":[{\"@type\":\"WebPage\",\"@id\":\"https:\\\/\\\/lepontdegeneve.ch\\\/?page_id=29267\",\"url\":\"https:\\\/\\\/lepontdegeneve.ch\\\/?page_id=29267\",\"name\":\"Qui sommes-nous ? - Le pont de Gen\u00e8ve\",\"isPartOf\":{\"@id\":\"https:\\\/\\\/lepontdegeneve.ch\\\/#website\"},\"datePublished\":\"2024-06-14T16:15:28+00:00\",\"dateModified\":\"2024-06-14T16:15:29+00:00\",\"breadcrumb\":{\"@id\":\"https:\\\/\\\/lepontdegeneve.ch\\\/?page_id=29267#breadcrumb\"},\"inLanguage\":\"fr-FR\",\"potentialAction\":[{\"@type\":\"ReadAction\",\"target\":[\"https:\\\/\\\/lepontdegeneve.ch\\\/?page_id=29267\"]}]},{\"@type\":\"BreadcrumbList\",\"@id\":\"https:\\\/\\\/lepontdegeneve.ch\\\/?page_id=29267#breadcrumb\",\"itemListElement\":[{\"@type\":\"ListItem\",\"position\":1,\"name\":\"Accueil\",\"item\":\"https:\\\/\\\/lepontdegeneve.ch\\\/\"},{\"@type\":\"ListItem\",\"position\":2,\"name\":\"Qui sommes-nous ?\"}]},{\"@type\":\"WebSite\",\"@id\":\"https:\\\/\\\/lepontdegeneve.ch\\\/#website\",\"url\":\"https:\\\/\\\/lepontdegeneve.ch\\\/\",\"name\":\"Le pont de Gen\u00e8ve\",\"description\":\"\",\"potentialAction\":[{\"@type\":\"SearchAction\",\"target\":{\"@type\":\"EntryPoint\",\"urlTemplate\":\"https:\\\/\\\/lepontdegeneve.ch\\\/?s={search_term_string}\"},\"query-input\":{\"@type\":\"PropertyValueSpecification\",\"valueRequired\":true,\"valueName\":\"search_term_string\"}}],\"inLanguage\":\"fr-FR\"}]}<\/script>\n<!-- \/ Yoast SEO plugin. -->","yoast_head_json":{"title":"Qui sommes-nous ? - Le pont de Gen\u00e8ve","robots":{"index":"index","follow":"follow","max-snippet":"max-snippet:-1","max-image-preview":"max-image-preview:large","max-video-preview":"max-video-preview:-1"},"canonical":"https:\/\/lepontdegeneve.ch\/?page_id=29267","og_locale":"fr_FR","og_type":"article","og_title":"Qui sommes-nous ? - Le pont de Gen\u00e8ve","og_description":"Une plate-forme en ligne a but de promouvoir les \u00e9changes culturels entre la Suisse et la Tunisie , renforcer la d\u00e9mocratie en Tunisie, et donne une information fiable s\u00fbre et cr\u00e9dible avec une collecte des infos qui concerne les deux cultures.Le pont de Gen\u00e8ve est diriger, encadrer et financer par l&rsquo;association le pont Gen\u00e8ve. L\u2019association [&hellip;]","og_url":"https:\/\/lepontdegeneve.ch\/?page_id=29267","og_site_name":"Le pont de Gen\u00e8ve","article_modified_time":"2024-06-14T16:15:29+00:00","twitter_card":"summary_large_image","twitter_misc":{"Dur\u00e9e de lecture estim\u00e9e":"1 minute"},"schema":{"@context":"https:\/\/schema.org","@graph":[{"@type":"WebPage","@id":"https:\/\/lepontdegeneve.ch\/?page_id=29267","url":"https:\/\/lepontdegeneve.ch\/?page_id=29267","name":"Qui sommes-nous ? - Le pont de Gen\u00e8ve","isPartOf":{"@id":"https:\/\/lepontdegeneve.ch\/#website"},"datePublished":"2024-06-14T16:15:28+00:00","dateModified":"2024-06-14T16:15:29+00:00","breadcrumb":{"@id":"https:\/\/lepontdegeneve.ch\/?page_id=29267#breadcrumb"},"inLanguage":"fr-FR","potentialAction":[{"@type":"ReadAction","target":["https:\/\/lepontdegeneve.ch\/?page_id=29267"]}]},{"@type":"BreadcrumbList","@id":"https:\/\/lepontdegeneve.ch\/?page_id=29267#breadcrumb","itemListElement":[{"@type":"ListItem","position":1,"name":"Accueil","item":"https:\/\/lepontdegeneve.ch\/"},{"@type":"ListItem","position":2,"name":"Qui sommes-nous ?"}]},{"@type":"WebSite","@id":"https:\/\/lepontdegeneve.ch\/#website","url":"https:\/\/lepontdegeneve.ch\/","name":"Le pont de Gen\u00e8ve","description":"","potentialAction":[{"@type":"SearchAction","target":{"@type":"EntryPoint","urlTemplate":"https:\/\/lepontdegeneve.ch\/?s={search_term_string}"},"query-input":{"@type":"PropertyValueSpecification","valueRequired":true,"valueName":"search_term_string"}}],"inLanguage":"fr-FR"}]}},"_links":{"self":[{"href":"https:\/\/lepontdegeneve.ch\/index.php?rest_route=\/wp\/v2\/pages\/29267","targetHints":{"allow":["GET"]}}],"collection":[{"href":"https:\/\/lepontdegeneve.ch\/index.php?rest_route=\/wp\/v2\/pages"}],"about":[{"href":"https:\/\/lepontdegeneve.ch\/index.php?rest_route=\/wp\/v2\/types\/page"}],"author":[{"embeddable":true,"href":"https:\/\/lepontdegeneve.ch\/index.php?rest_route=\/wp\/v2\/users\/1"}],"replies":[{"embeddable":true,"href":"https:\/\/lepontdegeneve.ch\/index.php?rest_route=%2Fwp%2Fv2%2Fcomments&post=29267"}],"version-history":[{"count":1,"href":"https:\/\/lepontdegeneve.ch\/index.php?rest_route=\/wp\/v2\/pages\/29267\/revisions"}],"predecessor-version":[{"id":29268,"href":"https:\/\/lepontdegeneve.ch\/index.php?rest_route=\/wp\/v2\/pages\/29267\/revisions\/29268"}],"wp:attachment":[{"href":"https:\/\/lepontdegeneve.ch\/index.php?rest_route=%2Fwp%2Fv2%2Fmedia&parent=29267"}],"curies":[{"name":"wp","href":"https:\/\/api.w.org\/{rel}","templated":true}]}}